{"id":2217,"date":"2013-06-02T14:05:04","date_gmt":"2013-06-02T12:05:04","guid":{"rendered":"https:\/\/gepa-mbh.de\/messtechnik\/mom-condition-monitoring\/"},"modified":"2017-05-19T10:18:12","modified_gmt":"2017-05-19T08:18:12","slug":"mom-condition-monitoring","status":"publish","type":"page","link":"https:\/\/gepa-mbh.de\/en\/messtechnik\/mom-condition-monitoring\/","title":{"rendered":"MOM Condition Monitoring"},"content":{"rendered":"<div   data-size='featured'  data-lightbox_size='large'  data-animation='slide'  data-conditional_play=''  data-ids='156'  data-video_counter='0'  data-autoplay='false'  data-bg_slider='false'  data-slide_height=''  data-handle='av_slideshow'  data-interval='5'  data-class=' avia-builder-el-0  el_before_av_two_third  avia-builder-el-first  '  data-el_id=''  data-css_id=''  data-scroll_down=''  data-control_layout=''  data-custom_markup=''  data-perma_caption=''  data-autoplay_stopper=''  data-image_attachment=''  data-min_height='0px'  data-lazy_loading='disabled'  data-default-height='28.666666666667'  class='avia-slideshow avia-slideshow-1  av-default-height-applied avia-slideshow-featured av_slideshow  avia-builder-el-0  el_before_av_two_third  avia-builder-el-first   avia-slide-slider '  itemprop=\"image\" itemscope=\"itemscope\" itemtype=\"https:\/\/schema.org\/ImageObject\" ><ul class='avia-slideshow-inner ' style='padding-bottom: 28.666666666667%;' ><li  class=' av-single-slide slide-1 ' ><div data-rel='slideshow-1' class='avia-slide-wrap '   ><img class=\"wp-image-156 avia-img-lazy-loading-not-156\"  src='https:\/\/gepa-mbh.de\/wp-content\/uploads\/2013\/06\/gepa_advancedslider_stretched_fullscreen1700x470_windkraft012-1500x430.jpg' width='1500' height='430' title='gepa_advancedslider_stretched_fullscreen1700x470_windkraft01' alt=''  itemprop=\"thumbnailUrl\"   \/><\/div><\/li><\/ul><\/div>\n<div class=\"flex_column av_two_third  flex_column_div av-zero-column-padding first  avia-builder-el-1  el_after_av_slideshow  el_before_av_one_third  \" style='border-radius:0px; '><section class=\"av_textblock_section \"  itemscope=\"itemscope\" itemtype=\"https:\/\/schema.org\/CreativeWork\" ><div class='avia_textblock  '   itemprop=\"text\" ><p><strong>Condition-based maintenance:<br \/>\neconomical \u2013 safe \u2013 reliable<\/strong><\/p>\n<p><strong>\u00a0<\/strong><\/p>\n<p><strong>Condition monitoring<\/strong> is based on regular or permanent recordings of the condition of component parts by measuring and analysing relevant physical values (oscillation, temperature, position\/approximation etc.). An upgrade to this is <strong>Online condition monitoring <\/strong>(continuous condition monitoring), which enables an alarm and optional emergency shutdown from the first sign of the behavioural change of the machine\/component parts, and therefore immediate analysis of the disruptive elements.<\/p>\n<p>The mandatory prerequisite of \u201c<strong>condition-based maintenance<\/strong>\u201d is monitoring of component parts and machine conditions.<\/p>\n<p>During scheduled maintenance methods, systems get shut down at regular intervals for component parts to be examined and exchanged. This type of preventative maintenance often leads to the replacement of intact component parts and waste of \u201cremaining terms\u201d, or reversely late detection of existing damage.<\/p>\n<p>Our <strong>MOM Condition Monitoring Systems <\/strong>fulfil the requirements to create measurement data acquisition and data forwarding as well as automated measurement data processing and analysis as user-friendly as possible.<\/p>\n<p>By constantly monitoring the state of components, the full lifetime of crucial parts can be utilised.\u00a0 Necessary maintenance procedures can be coordinated in tune with manufacturing schedules.<\/p>\n<p>Therefore, our system offers substantial potential for <strong><a href=\"\/?p=1093\" target=\"_blank\" rel=\"noopener noreferrer\">cost reductions<\/a><\/strong> in maintenance especially for constructions that are under a lot of strain, like <strong><a href=\"https:\/\/gepa-mbh.de\/messtechnik\/mom-condition-monitoring\/mom-fundament-monitoring\/\" target=\"_blank\" rel=\"noopener noreferrer\">wind power plants<\/a>,<\/strong> or for <strong>crucial infrastructure<\/strong>.<\/p>\n<p>Our <strong>condition monitoring system<\/strong> for oscillation and temperature analysis of components, used for status control includes:<\/p>\n<ul>\n<li>Self-sufficient online measurement monitoring system<\/li>\n<li>Network-database integration<\/li>\n<li>Internal data storage, data logger, online data query<\/li>\n<li>Real-time data via online browser interface for PC, smartphone and tablet<\/li>\n<\/ul>\n<p>We look forward to applying our systems and know-how to help you and your business!<\/p>\n<\/div><\/section><\/div><div class=\"flex_column av_one_third  flex_column_div av-zero-column-padding   avia-builder-el-3  el_after_av_two_third  el_before_av_hr  \" style='border-radius:0px; '><section class=\"av_textblock_section \"  itemscope=\"itemscope\" itemtype=\"https:\/\/schema.org\/CreativeWork\" ><div class='avia_textblock  '   itemprop=\"text\" ><div id=\"attachment_915\" style=\"width: 2242px\" class=\"wp-caption alignnone\"><img loading=\"lazy\" decoding=\"async\" aria-describedby=\"caption-attachment-915\" class=\"size-full wp-image-915 \" src=\"http:\/\/gepa-mbh.de\/wp-content\/uploads\/2013\/08\/MOM8.4e-closed-case.jpg\" alt=\"Condition Monitoring System, Bauteilschwingung \" width=\"2232\" height=\"2841\" srcset=\"https:\/\/gepa-mbh.de\/wp-content\/uploads\/2013\/08\/MOM8.4e-closed-case.jpg 2232w, https:\/\/gepa-mbh.de\/wp-content\/uploads\/2013\/08\/MOM8.4e-closed-case-235x300.jpg 235w, https:\/\/gepa-mbh.de\/wp-content\/uploads\/2013\/08\/MOM8.4e-closed-case-809x1030.jpg 809w, https:\/\/gepa-mbh.de\/wp-content\/uploads\/2013\/08\/MOM8.4e-closed-case-1178x1500.jpg 1178w, https:\/\/gepa-mbh.de\/wp-content\/uploads\/2013\/08\/MOM8.4e-closed-case-450x572.jpg 450w\" sizes=\"(max-width: 2232px) 100vw, 2232px\" \/><p id=\"caption-attachment-915\" class=\"wp-caption-text\"><strong>Condition Monitoring System\u00a0<\/strong><\/p><\/div>\n<\/div><\/section><\/div><\/p>\n<div class=\"flex_column av_one_full  flex_column_div av-zero-column-padding first  \" style='border-radius:0px; '><\/div>\n<section class=\"av_textblock_section \"  itemscope=\"itemscope\" itemtype=\"https:\/\/schema.org\/CreativeWork\" ><div class='avia_textblock  '   itemprop=\"text\" ><p style=\"text-align: center;\"><strong>more products of GEPA:<br \/>\n<\/strong><\/p>\n<\/div><\/section>\n<div class=\"flex_column av_one_fourth  flex_column_div av-zero-column-padding first  \" style='border-radius:0px; '><section class=\"av_textblock_section \"  itemscope=\"itemscope\" itemtype=\"https:\/\/schema.org\/CreativeWork\" ><div class='avia_textblock  '   itemprop=\"text\" ><div id=\"attachment_340\" style=\"width: 310px\" class=\"wp-caption alignnone\"><a href=\"https:\/\/gepa-mbh.de\/wp-content\/uploads\/2013\/06\/Fundament-WEA3.jpg\"><img loading=\"lazy\" decoding=\"async\" aria-describedby=\"caption-attachment-340\" class=\"alignnone size-medium wp-image-1963\" src=\"https:\/\/gepa-mbh.de\/wp-content\/uploads\/2013\/06\/Fundament-WEA3-300x225.jpg\" alt=\"Fundament-WEA3\" width=\"300\" height=\"225\" srcset=\"https:\/\/gepa-mbh.de\/wp-content\/uploads\/2013\/06\/Fundament-WEA3-300x225.jpg 300w, https:\/\/gepa-mbh.de\/wp-content\/uploads\/2013\/06\/Fundament-WEA3-705x529.jpg 705w, https:\/\/gepa-mbh.de\/wp-content\/uploads\/2013\/06\/Fundament-WEA3-450x338.jpg 450w, https:\/\/gepa-mbh.de\/wp-content\/uploads\/2013\/06\/Fundament-WEA3.jpg 800w\" sizes=\"(max-width: 300px) 100vw, 300px\" \/><\/a><p id=\"caption-attachment-340\" class=\"wp-caption-text\"><strong><a href=\"https:\/\/gepa-mbh.de\/messtechnik\/mom-condition-monitoring\/mom-fundament-monitoring\/\">MOM Fundament Monitoring<\/a><\/strong><\/p><\/div>\n<\/div><\/section><\/div>\n<div class=\"flex_column av_one_fourth  flex_column_div av-zero-column-padding   \" style='border-radius:0px; '><section class=\"av_textblock_section \"  itemscope=\"itemscope\" itemtype=\"https:\/\/schema.org\/CreativeWork\" ><div class='avia_textblock  '   itemprop=\"text\" ><div id=\"attachment_335\" style=\"width: 810px\" class=\"wp-caption alignnone\"><a title=\"Mobile Kontrolle &amp; Auswertung\" href=\"http:\/\/gepa-mbh.de\/produkte\/mobile-kontrolle-auswertung\/\"><img loading=\"lazy\" decoding=\"async\" aria-describedby=\"caption-attachment-335\" class=\"size-full wp-image-335\" src=\"http:\/\/gepa-mbh.de\/wp-content\/uploads\/2013\/06\/kl_WOTSPOT_Datensicherheit1.jpg\" alt=\"WOTSPOT WLAN Kommunikation\" width=\"800\" height=\"600\" srcset=\"https:\/\/gepa-mbh.de\/wp-content\/uploads\/2013\/06\/kl_WOTSPOT_Datensicherheit1.jpg 800w, https:\/\/gepa-mbh.de\/wp-content\/uploads\/2013\/06\/kl_WOTSPOT_Datensicherheit1-300x225.jpg 300w, https:\/\/gepa-mbh.de\/wp-content\/uploads\/2013\/06\/kl_WOTSPOT_Datensicherheit1-450x337.jpg 450w\" sizes=\"(max-width: 800px) 100vw, 800px\" \/><\/a><p id=\"caption-attachment-335\" class=\"wp-caption-text\"><a href=\"https:\/\/gepa-mbh.de\/en\/messtechnik\/mobile-control-analysis\/\"><strong>Mobile Kontrolle &amp; Auswertung<\/strong><\/a><\/p><\/div>\n<\/div><\/section><\/div>\n<div class=\"flex_column av_one_fourth  flex_column_div av-zero-column-padding   \" style='border-radius:0px; '><section class=\"av_textblock_section \"  itemscope=\"itemscope\" itemtype=\"https:\/\/schema.org\/CreativeWork\" ><div class='avia_textblock  '   itemprop=\"text\" ><div id=\"attachment_340\" style=\"width: 298px\" class=\"wp-caption alignnone\"><a title=\"MOM\u00ae Analoge Messysteme\" href=\"https:\/\/gepa-mbh.de\/en\/messtechnik\/mom-analog-measurement\/\"><img loading=\"lazy\" decoding=\"async\" aria-describedby=\"caption-attachment-340\" class=\" wp-image-340 \" src=\"http:\/\/gepa-mbh.de\/wp-content\/uploads\/2013\/06\/Kategorie-03-GEPA-analog.jpg\" alt=\"GEPA MOM Analoge Messysteme\" width=\"288\" height=\"216\" srcset=\"https:\/\/gepa-mbh.de\/wp-content\/uploads\/2013\/06\/Kategorie-03-GEPA-analog.jpg 800w, https:\/\/gepa-mbh.de\/wp-content\/uploads\/2013\/06\/Kategorie-03-GEPA-analog-300x225.jpg 300w, https:\/\/gepa-mbh.de\/wp-content\/uploads\/2013\/06\/Kategorie-03-GEPA-analog-450x337.jpg 450w\" sizes=\"(max-width: 288px) 100vw, 288px\" \/><\/a><p id=\"caption-attachment-340\" class=\"wp-caption-text\"><strong><a href=\"https:\/\/gepa-mbh.de\/en\/messtechnik\/mom-analog-measurement\/\">MOM Analoge Messysteme<\/a><\/strong><\/p><\/div>\n<\/div><\/section><\/div>\n<div class=\"flex_column av_one_fourth  flex_column_div av-zero-column-padding   \" style='border-radius:0px; '><section class=\"av_textblock_section \"  itemscope=\"itemscope\" itemtype=\"https:\/\/schema.org\/CreativeWork\" ><div class='avia_textblock  '   itemprop=\"text\" ><div id=\"attachment_398\" style=\"width: 298px\" class=\"wp-caption alignnone\"><a title=\"WOTSPOT\u00ae \u2013 smart connect\" href=\"https:\/\/gepa-mbh.de\/en\/wotspot\/\"><img loading=\"lazy\" decoding=\"async\" aria-describedby=\"caption-attachment-398\" class=\" wp-image-398 \" src=\"http:\/\/gepa-mbh.de\/wp-content\/uploads\/2013\/06\/WOTSPOT-WLAN-SYSTEME.jpg\" alt=\"Lokale Netzte\" width=\"288\" height=\"216\" srcset=\"https:\/\/gepa-mbh.de\/wp-content\/uploads\/2013\/06\/WOTSPOT-WLAN-SYSTEME.jpg 800w, https:\/\/gepa-mbh.de\/wp-content\/uploads\/2013\/06\/WOTSPOT-WLAN-SYSTEME-300x225.jpg 300w, https:\/\/gepa-mbh.de\/wp-content\/uploads\/2013\/06\/WOTSPOT-WLAN-SYSTEME-450x337.jpg 450w\" sizes=\"(max-width: 288px) 100vw, 288px\" \/><\/a><p id=\"caption-attachment-398\" class=\"wp-caption-text\"><strong><a href=\"https:\/\/gepa-mbh.de\/en\/wotspot\/\">WOTSPOT\u00ae <br \/>smart connect<\/a><\/strong><\/p><\/div>\n<\/div><\/section><\/div>\n","protected":false},"excerpt":{"rendered":"","protected":false},"author":1,"featured_media":0,"parent":2213,"menu_order":1000,"comment_status":"open","ping_status":"open","template":"","meta":{"footnotes":""},"class_list":["post-2217","page","type-page","status-publish","hentry"],"yoast_head":"<!-- This site is optimized with the Yoast SEO plugin v23.2 - https:\/\/yoast.com\/wordpress\/plugins\/seo\/ -->\n<title>Condition Monitoring<\/title>\n<meta name=\"description\" content=\"Zustands\u00fcberwachung und Vibrations-Analysen von Bauteilen f\u00fcr Fr\u00fcherkennung, Schadens-Vermeidung, Optimierung und Kostenreduzierung bei der Instandhaltung\" \/>\n<meta name=\"robots\" content=\"index, follow, max-snippet:-1, max-image-preview:large, max-video-preview:-1\" \/>\n<link rel=\"canonical\" href=\"https:\/\/gepa-mbh.de\/en\/messtechnik\/mom-condition-monitoring\/\" \/>\n<meta property=\"og:locale\" content=\"en_US\" \/>\n<meta property=\"og:type\" content=\"article\" \/>\n<meta property=\"og:title\" content=\"Condition Monitoring\" \/>\n<meta property=\"og:description\" content=\"Zustands\u00fcberwachung und Vibrations-Analysen von Bauteilen f\u00fcr Fr\u00fcherkennung, Schadens-Vermeidung, Optimierung und Kostenreduzierung bei der Instandhaltung\" \/>\n<meta property=\"og:url\" content=\"https:\/\/gepa-mbh.de\/en\/messtechnik\/mom-condition-monitoring\/\" \/>\n<meta property=\"og:site_name\" content=\"GEPA mbH\" \/>\n<meta property=\"article:modified_time\" content=\"2017-05-19T08:18:12+00:00\" \/>\n<meta property=\"og:image\" content=\"http:\/\/gepa-mbh.de\/wp-content\/uploads\/2013\/08\/MOM8.4e-closed-case.jpg\" \/>\n<meta name=\"twitter:label1\" content=\"Est. reading time\" \/>\n\t<meta name=\"twitter:data1\" content=\"4 minutes\" \/>\n<script type=\"application\/ld+json\" class=\"yoast-schema-graph\">{\"@context\":\"https:\/\/schema.org\",\"@graph\":[{\"@type\":\"WebPage\",\"@id\":\"https:\/\/gepa-mbh.de\/en\/messtechnik\/mom-condition-monitoring\/\",\"url\":\"https:\/\/gepa-mbh.de\/en\/messtechnik\/mom-condition-monitoring\/\",\"name\":\"Condition Monitoring\",\"isPartOf\":{\"@id\":\"https:\/\/gepa-mbh.de\/#website\"},\"primaryImageOfPage\":{\"@id\":\"https:\/\/gepa-mbh.de\/en\/messtechnik\/mom-condition-monitoring\/#primaryimage\"},\"image\":{\"@id\":\"https:\/\/gepa-mbh.de\/en\/messtechnik\/mom-condition-monitoring\/#primaryimage\"},\"thumbnailUrl\":\"http:\/\/gepa-mbh.de\/wp-content\/uploads\/2013\/08\/MOM8.4e-closed-case.jpg\",\"datePublished\":\"2013-06-02T12:05:04+00:00\",\"dateModified\":\"2017-05-19T08:18:12+00:00\",\"description\":\"Zustands\u00fcberwachung und Vibrations-Analysen von Bauteilen f\u00fcr Fr\u00fcherkennung, Schadens-Vermeidung, Optimierung und Kostenreduzierung bei der Instandhaltung\",\"breadcrumb\":{\"@id\":\"https:\/\/gepa-mbh.de\/en\/messtechnik\/mom-condition-monitoring\/#breadcrumb\"},\"inLanguage\":\"en-US\",\"potentialAction\":[{\"@type\":\"ReadAction\",\"target\":[\"https:\/\/gepa-mbh.de\/en\/messtechnik\/mom-condition-monitoring\/\"]}]},{\"@type\":\"ImageObject\",\"inLanguage\":\"en-US\",\"@id\":\"https:\/\/gepa-mbh.de\/en\/messtechnik\/mom-condition-monitoring\/#primaryimage\",\"url\":\"http:\/\/gepa-mbh.de\/wp-content\/uploads\/2013\/08\/MOM8.4e-closed-case.jpg\",\"contentUrl\":\"http:\/\/gepa-mbh.de\/wp-content\/uploads\/2013\/08\/MOM8.4e-closed-case.jpg\"},{\"@type\":\"BreadcrumbList\",\"@id\":\"https:\/\/gepa-mbh.de\/en\/messtechnik\/mom-condition-monitoring\/#breadcrumb\",\"itemListElement\":[{\"@type\":\"ListItem\",\"position\":1,\"name\":\"Measurement Technology\",\"item\":\"https:\/\/gepa-mbh.de\/en\/messtechnik\/\"},{\"@type\":\"ListItem\",\"position\":2,\"name\":\"MOM Condition Monitoring\"}]},{\"@type\":\"WebSite\",\"@id\":\"https:\/\/gepa-mbh.de\/#website\",\"url\":\"https:\/\/gepa-mbh.de\/\",\"name\":\"GEPA mbH\",\"description\":\"GEPA M\u00fcnchen\",\"potentialAction\":[{\"@type\":\"SearchAction\",\"target\":{\"@type\":\"EntryPoint\",\"urlTemplate\":\"https:\/\/gepa-mbh.de\/?s={search_term_string}\"},\"query-input\":\"required name=search_term_string\"}],\"inLanguage\":\"en-US\"}]}<\/script>\n<!-- \/ Yoast SEO plugin. -->","yoast_head_json":{"title":"Condition Monitoring","description":"Zustands\u00fcberwachung und Vibrations-Analysen von Bauteilen f\u00fcr Fr\u00fcherkennung, Schadens-Vermeidung, Optimierung und Kostenreduzierung bei der Instandhaltung","robots":{"index":"index","follow":"follow","max-snippet":"max-snippet:-1","max-image-preview":"max-image-preview:large","max-video-preview":"max-video-preview:-1"},"canonical":"https:\/\/gepa-mbh.de\/en\/messtechnik\/mom-condition-monitoring\/","og_locale":"en_US","og_type":"article","og_title":"Condition Monitoring","og_description":"Zustands\u00fcberwachung und Vibrations-Analysen von Bauteilen f\u00fcr Fr\u00fcherkennung, Schadens-Vermeidung, Optimierung und Kostenreduzierung bei der Instandhaltung","og_url":"https:\/\/gepa-mbh.de\/en\/messtechnik\/mom-condition-monitoring\/","og_site_name":"GEPA mbH","article_modified_time":"2017-05-19T08:18:12+00:00","og_image":[{"url":"http:\/\/gepa-mbh.de\/wp-content\/uploads\/2013\/08\/MOM8.4e-closed-case.jpg"}],"twitter_misc":{"Est. reading time":"4 minutes"},"schema":{"@context":"https:\/\/schema.org","@graph":[{"@type":"WebPage","@id":"https:\/\/gepa-mbh.de\/en\/messtechnik\/mom-condition-monitoring\/","url":"https:\/\/gepa-mbh.de\/en\/messtechnik\/mom-condition-monitoring\/","name":"Condition Monitoring","isPartOf":{"@id":"https:\/\/gepa-mbh.de\/#website"},"primaryImageOfPage":{"@id":"https:\/\/gepa-mbh.de\/en\/messtechnik\/mom-condition-monitoring\/#primaryimage"},"image":{"@id":"https:\/\/gepa-mbh.de\/en\/messtechnik\/mom-condition-monitoring\/#primaryimage"},"thumbnailUrl":"http:\/\/gepa-mbh.de\/wp-content\/uploads\/2013\/08\/MOM8.4e-closed-case.jpg","datePublished":"2013-06-02T12:05:04+00:00","dateModified":"2017-05-19T08:18:12+00:00","description":"Zustands\u00fcberwachung und Vibrations-Analysen von Bauteilen f\u00fcr Fr\u00fcherkennung, Schadens-Vermeidung, Optimierung und Kostenreduzierung bei der Instandhaltung","breadcrumb":{"@id":"https:\/\/gepa-mbh.de\/en\/messtechnik\/mom-condition-monitoring\/#breadcrumb"},"inLanguage":"en-US","potentialAction":[{"@type":"ReadAction","target":["https:\/\/gepa-mbh.de\/en\/messtechnik\/mom-condition-monitoring\/"]}]},{"@type":"ImageObject","inLanguage":"en-US","@id":"https:\/\/gepa-mbh.de\/en\/messtechnik\/mom-condition-monitoring\/#primaryimage","url":"http:\/\/gepa-mbh.de\/wp-content\/uploads\/2013\/08\/MOM8.4e-closed-case.jpg","contentUrl":"http:\/\/gepa-mbh.de\/wp-content\/uploads\/2013\/08\/MOM8.4e-closed-case.jpg"},{"@type":"BreadcrumbList","@id":"https:\/\/gepa-mbh.de\/en\/messtechnik\/mom-condition-monitoring\/#breadcrumb","itemListElement":[{"@type":"ListItem","position":1,"name":"Measurement Technology","item":"https:\/\/gepa-mbh.de\/en\/messtechnik\/"},{"@type":"ListItem","position":2,"name":"MOM Condition Monitoring"}]},{"@type":"WebSite","@id":"https:\/\/gepa-mbh.de\/#website","url":"https:\/\/gepa-mbh.de\/","name":"GEPA mbH","description":"GEPA M\u00fcnchen","potentialAction":[{"@type":"SearchAction","target":{"@type":"EntryPoint","urlTemplate":"https:\/\/gepa-mbh.de\/?s={search_term_string}"},"query-input":"required name=search_term_string"}],"inLanguage":"en-US"}]}},"_links":{"self":[{"href":"https:\/\/gepa-mbh.de\/en\/wp-json\/wp\/v2\/pages\/2217"}],"collection":[{"href":"https:\/\/gepa-mbh.de\/en\/wp-json\/wp\/v2\/pages"}],"about":[{"href":"https:\/\/gepa-mbh.de\/en\/wp-json\/wp\/v2\/types\/page"}],"author":[{"embeddable":true,"href":"https:\/\/gepa-mbh.de\/en\/wp-json\/wp\/v2\/users\/1"}],"replies":[{"embeddable":true,"href":"https:\/\/gepa-mbh.de\/en\/wp-json\/wp\/v2\/comments?post=2217"}],"version-history":[{"count":9,"href":"https:\/\/gepa-mbh.de\/en\/wp-json\/wp\/v2\/pages\/2217\/revisions"}],"predecessor-version":[{"id":4327,"href":"https:\/\/gepa-mbh.de\/en\/wp-json\/wp\/v2\/pages\/2217\/revisions\/4327"}],"up":[{"embeddable":true,"href":"https:\/\/gepa-mbh.de\/en\/wp-json\/wp\/v2\/pages\/2213"}],"wp:attachment":[{"href":"https:\/\/gepa-mbh.de\/en\/wp-json\/wp\/v2\/media?parent=2217"}],"curies":[{"name":"wp","href":"https:\/\/api.w.org\/{rel}","templated":true}]}}