{"id":2205,"date":"2013-06-24T21:50:51","date_gmt":"2013-06-24T19:50:51","guid":{"rendered":"https:\/\/gepa-mbh.de\/wotspot\/messe-informationsaustausch\/"},"modified":"2017-05-19T10:25:23","modified_gmt":"2017-05-19T08:25:23","slug":"messe-informationsaustausch","status":"publish","type":"page","link":"https:\/\/gepa-mbh.de\/en\/wotspot\/messe-informationsaustausch\/","title":{"rendered":"Exhibition &#8211; Museum &#8211; Fair"},"content":{"rendered":"<div   data-size='featured'  data-lightbox_size='large'  data-animation='fade'  data-conditional_play=''  data-ids='1982,330'  data-video_counter='0'  data-autoplay='true'  data-bg_slider='false'  data-slide_height=''  data-handle='av_slideshow'  data-interval='6'  data-class=' avia-builder-el-0  el_before_av_one_full  avia-builder-el-first  '  data-el_id=''  data-css_id=''  data-scroll_down=''  data-control_layout='av-control-hidden'  data-custom_markup=''  data-perma_caption=''  data-autoplay_stopper=''  data-image_attachment=''  data-min_height='0px'  data-lazy_loading='disabled'  data-default-height='28.666666666667'  class='avia-slideshow avia-slideshow-1  av-control-hidden av-default-height-applied avia-slideshow-featured av_slideshow  avia-builder-el-0  el_before_av_one_full  avia-builder-el-first   avia-fade-slider '  itemprop=\"image\" itemscope=\"itemscope\" itemtype=\"https:\/\/schema.org\/ImageObject\" ><ul class='avia-slideshow-inner ' style='padding-bottom: 28.666666666667%;' ><li  class=' slide-1 ' ><div data-rel='slideshow-1' class='avia-slide-wrap '   ><img class=\"wp-image-1982 avia-img-lazy-loading-not-1982\"  src='https:\/\/gepa-mbh.de\/wp-content\/uploads\/2013\/06\/WotSpot_Museum-1700x470-1500x430.jpg' width='1500' height='430' title='14_0325 Museum-Events Finale.indd' alt=''  itemprop=\"thumbnailUrl\"   \/><\/div><\/li><li  class=' slide-2 ' ><div data-rel='slideshow-1' class='avia-slide-wrap '   ><img class=\"wp-image-330 avia-img-lazy-loading-not-330\"  src='https:\/\/gepa-mbh.de\/wp-content\/uploads\/2013\/06\/Slider-XXL_WOTSPOT-Messe1700x470-1500x430.jpg' width='1500' height='430' title='Slider XXL_WOTSPOT Messe1700x470' alt=''  itemprop=\"thumbnailUrl\"   \/><\/div><\/li><\/ul><div class='avia-slideshow-arrows avia-slideshow-controls'><a href='#prev' tabindex='-1' class='prev-slide' aria-hidden='true' data-av_icon='\ue87c' data-av_iconfont='entypo-fontello'>Previous<\/a><a href='#next' tabindex='-1' class='next-slide' aria-hidden='true' data-av_icon='\ue87d' data-av_iconfont='entypo-fontello'>Next<\/a><\/div><div class='avia-slideshow-dots avia-slideshow-controls'><a href='#1' class='goto-slide active' >1<\/a><a href='#2' class='goto-slide ' >2<\/a><\/div><\/div>\n<div class=\"flex_column av_one_full  flex_column_div first  avia-builder-el-1  el_after_av_slideshow  el_before_av_hr  \" ><section class=\"av_textblock_section \"  itemscope=\"itemscope\" itemtype=\"https:\/\/schema.org\/CreativeWork\" ><div class='avia_textblock  '   itemprop=\"text\" ><p><strong>Local information sharing, not dependent on the Internet and with high<\/strong><\/p>\n<p><strong> bandwidth<\/strong> <strong>fast &#8211; reliable &#8211; customized<\/strong><\/p>\n<p>We have developed a system specifically for exhibitions and fairs, to optimize communication processes on site and to facilitate post-processing of customer contacts. WOTSPOT\u00ae relies entirely on the technical infrastructure of smartphones, tablets, etc:<\/p>\n<p>The user connects to WOTSPOT\u00ae Wi-Fi to retrieve, view, save or share relevant data in their browser. Installation of additional software or an app on their devices is not required! WOTSPOT\u00ae saves data locally and makes it available to any authorized user via Wi-Fi (password protection possible). This means that international visitors to museums or fairs don\u2019t have to worry about roaming charges for Wi-Fi! We have the ability to transmit large amounts of data with a high bandwidth (data rates up to 1.300Mbit\/s), so you can easily offer product images, PDF files, animations and videos to your visitors.<\/p>\n<p><strong>WOTSPOT\u00ae for museums:<\/strong><\/p>\n<p><strong>innovative &#8211; multimedia &#8211; mobile<\/strong><\/p>\n<ul>\n<li>Provide information and navigation on cutting edge technology<\/li>\n<li>Your visitors get all information about exhibitions, specific objects, and the museum directly to their smartphones without having to download an app!<\/li>\n<li>Offer powerful technology with high data rates quickly and free of charge (no roaming costs for international visitors)<\/li>\n<li>Integration with databases is possible<\/li>\n<li>Replace expensive, traditional audio guides with WOTSPOT\u00ae (no administrative costs, no equipment maintenance, and no hygiene issues!)<\/li>\n<li><span style=\"line-height: 1.5;\">You have the ability to update content quickly and easily, for example, for temporary exhibits.<\/span><\/li>\n<li>If required, WOTSPOT\u00ae can integrate existing object codes of audio guides.<\/li>\n<li>Use our network specialists for complex tasks<\/li>\n<li>We offer free consulting and IT engineering, customized to your requirements<\/li>\n<\/ul>\n<p><strong>WOTSPOT\u00ae for exhibitions:<br \/>\nlog in and find out<\/strong><\/p>\n<p>We have developed a system specifically for exhibitions and fairs, to optimize communication processes on site and to facilitate post-processing of customer contacts.\u00b7<\/p>\n<ul>\n<li>Customers decide which product information they wish to receive by e-mail or instantly via Wi-Fi directly on their mobile device. Thus, large amounts of print media (brochures, datasheets) or data carriers can be saved.<\/li>\n<li>Our hardware allows communication with a local wireless MicroServer or the Internet. Relevant information will be sent to the customer automatically in real-time. International visitors avoid roaming costs, thanks to logging in with local WOTSPOT\u00ae \u00a0Wi-Fi.<\/li>\n<li>Post-processing of fair contacts is greatly simplified. Customer data is made available to the CRM via databases.<\/li>\n<li>Using modern, innovative technology creates trust and loyalty between you and your clients and takes pressure off your exhibition- and office staff.<\/li>\n<li>Green-IT helps the environment and reduces CO<sub>2<\/sub> emissions.<\/li>\n<\/ul>\n<p>WOTSPOT\u00ae is a Plug-and-Play solution, does most of the work for you, the exhibitioner, apart from putting together the relevant information for your product and connecting to the WOTSPOT\u00ae. Your customers log in via WOTSPOT\u00ae Wi-Fi and receive relevant data directly to their smartphones, without needing an app!<\/p>\n<\/div><\/section><\/div><div   class='hr hr-short hr-center   avia-builder-el-3  el_after_av_one_full  el_before_av_textblock '><span class='hr-inner ' ><span class='hr-inner-style'><\/span><\/span><\/div><\/p>\n<section class=\"av_textblock_section \"  itemscope=\"itemscope\" itemtype=\"https:\/\/schema.org\/CreativeWork\" ><div class='avia_textblock  '   itemprop=\"text\" ><p style=\"text-align: center;\"><strong>Other operational areas for WOTSPOT\u00ae:<\/strong><\/p>\n<\/div><\/section>\n<div class=\"flex_column av_one_fourth  flex_column_div av-zero-column-padding first  avia-builder-el-5  el_after_av_textblock  el_before_av_one_fourth  column-top-margin\" style='border-radius:0px; '><section class=\"av_textblock_section \"  itemscope=\"itemscope\" itemtype=\"https:\/\/schema.org\/CreativeWork\" ><div class='avia_textblock  '   itemprop=\"text\" ><div id=\"attachment_332\" style=\"width: 810px\" class=\"wp-caption alignnone\"><img loading=\"lazy\" decoding=\"async\" aria-describedby=\"caption-attachment-332\" class=\"size-full wp-image-332\" src=\"http:\/\/gepa-mbh.de\/wp-content\/uploads\/2013\/06\/kl_WOTSPOT_Kommunikation.jpg\" alt=\"Meeting &amp; Kommunikation\" width=\"800\" height=\"600\" srcset=\"https:\/\/gepa-mbh.de\/wp-content\/uploads\/2013\/06\/kl_WOTSPOT_Kommunikation.jpg 800w, https:\/\/gepa-mbh.de\/wp-content\/uploads\/2013\/06\/kl_WOTSPOT_Kommunikation-300x225.jpg 300w, https:\/\/gepa-mbh.de\/wp-content\/uploads\/2013\/06\/kl_WOTSPOT_Kommunikation-450x337.jpg 450w\" sizes=\"(max-width: 800px) 100vw, 800px\" \/><p id=\"caption-attachment-332\" class=\"wp-caption-text\"><strong><a href=\"https:\/\/gepa-mbh.de\/en\/wotspot\/meeting-kommunikation\/\">Meeting &amp; Kommunikation<\/a><\/strong><\/p><\/div>\n<\/div><\/section><\/div>\n<div class=\"flex_column av_one_fourth  flex_column_div av-zero-column-padding   avia-builder-el-7  el_after_av_one_fourth  el_before_av_one_fourth  column-top-margin\" style='border-radius:0px; '><section class=\"av_textblock_section \"  itemscope=\"itemscope\" itemtype=\"https:\/\/schema.org\/CreativeWork\" ><div class='avia_textblock  '   itemprop=\"text\" ><div id=\"attachment_411\" style=\"width: 810px\" class=\"wp-caption alignnone\"><img loading=\"lazy\" decoding=\"async\" aria-describedby=\"caption-attachment-411\" class=\"size-full wp-image-411\" src=\"http:\/\/gepa-mbh.de\/wp-content\/uploads\/2013\/06\/WOTSPOT_Mobile-commerce.jpg\" alt=\"Mobile &amp; CRM\" width=\"800\" height=\"600\" srcset=\"https:\/\/gepa-mbh.de\/wp-content\/uploads\/2013\/06\/WOTSPOT_Mobile-commerce.jpg 800w, https:\/\/gepa-mbh.de\/wp-content\/uploads\/2013\/06\/WOTSPOT_Mobile-commerce-300x225.jpg 300w, https:\/\/gepa-mbh.de\/wp-content\/uploads\/2013\/06\/WOTSPOT_Mobile-commerce-450x337.jpg 450w\" sizes=\"(max-width: 800px) 100vw, 800px\" \/><p id=\"caption-attachment-411\" class=\"wp-caption-text\"><strong><a href=\"https:\/\/gepa-mbh.de\/en\/wotspot\/mobile-marketing\/\">Mobile <br \/>Marketing<\/a><\/strong><\/p><\/div>\n<\/div><\/section><\/div>\n<div class=\"flex_column av_one_fourth  flex_column_div av-zero-column-padding   avia-builder-el-9  el_after_av_one_fourth  el_before_av_one_fourth  column-top-margin\" style='border-radius:0px; '><section class=\"av_textblock_section \"  itemscope=\"itemscope\" itemtype=\"https:\/\/schema.org\/CreativeWork\" ><div class='avia_textblock  '   itemprop=\"text\" ><div id=\"attachment_332\" style=\"width: 310px\" class=\"wp-caption alignnone\"><img loading=\"lazy\" decoding=\"async\" aria-describedby=\"caption-attachment-332\" class=\"alignnone size-medium wp-image-1969\" src=\"https:\/\/gepa-mbh.de\/wp-content\/uploads\/2013\/06\/\u00c4rzte-Empfang800x600-300x225.jpg\" alt=\"\u00c4rzte+Empfang800x600\" width=\"300\" height=\"225\" srcset=\"https:\/\/gepa-mbh.de\/wp-content\/uploads\/2013\/06\/\u00c4rzte-Empfang800x600-300x225.jpg 300w, https:\/\/gepa-mbh.de\/wp-content\/uploads\/2013\/06\/\u00c4rzte-Empfang800x600-705x529.jpg 705w, https:\/\/gepa-mbh.de\/wp-content\/uploads\/2013\/06\/\u00c4rzte-Empfang800x600-450x338.jpg 450w, https:\/\/gepa-mbh.de\/wp-content\/uploads\/2013\/06\/\u00c4rzte-Empfang800x600.jpg 800w\" sizes=\"(max-width: 300px) 100vw, 300px\" \/><p id=\"caption-attachment-332\" class=\"wp-caption-text\"><a href=\"https:\/\/gepa-mbh.de\/en\/wotspot\/wotspotmed-3\/\">\u00a0<strong>WOTSPOT\u00ae\u00a0<br \/><\/strong><strong>med<\/strong><\/a><\/p><\/div>\n<\/div><\/section><\/div>\n<div class=\"flex_column av_one_fourth  flex_column_div av-zero-column-padding   avia-builder-el-11  el_after_av_one_fourth  el_before_av_hr  column-top-margin\" style='border-radius:0px; '><section class=\"av_textblock_section \"  itemscope=\"itemscope\" itemtype=\"https:\/\/schema.org\/CreativeWork\" ><div class='avia_textblock  '   itemprop=\"text\" ><div id=\"attachment_333\" style=\"width: 310px\" class=\"wp-caption alignnone\"><img loading=\"lazy\" decoding=\"async\" aria-describedby=\"caption-attachment-333\" class=\"alignnone size-medium wp-image-1971\" src=\"https:\/\/gepa-mbh.de\/wp-content\/uploads\/2013\/06\/m2m-communication-800x600-300x225.jpg\" alt=\"m2m-communication-800x600\" width=\"300\" height=\"225\" srcset=\"https:\/\/gepa-mbh.de\/wp-content\/uploads\/2013\/06\/m2m-communication-800x600-300x225.jpg 300w, https:\/\/gepa-mbh.de\/wp-content\/uploads\/2013\/06\/m2m-communication-800x600-705x529.jpg 705w, https:\/\/gepa-mbh.de\/wp-content\/uploads\/2013\/06\/m2m-communication-800x600-450x338.jpg 450w, https:\/\/gepa-mbh.de\/wp-content\/uploads\/2013\/06\/m2m-communication-800x600.jpg 800w\" sizes=\"(max-width: 300px) 100vw, 300px\" \/><p id=\"caption-attachment-333\" class=\"wp-caption-text\"><strong><a href=\"https:\/\/gepa-mbh.de\/en\/wotspot\/m2m-kommunikation\/\">M2M Kommunikation<\/a><\/strong><\/p><\/div>\n<\/div><\/section><\/div>\n<div   class='hr hr-short hr-center   avia-builder-el-13  el_after_av_one_fourth  avia-builder-el-last '><span class='hr-inner ' ><span class='hr-inner-style'><\/span><\/span><\/div>\n","protected":false},"excerpt":{"rendered":"","protected":false},"author":1,"featured_media":0,"parent":2203,"menu_order":0,"comment_status":"open","ping_status":"open","template":"","meta":{"footnotes":""},"class_list":["post-2205","page","type-page","status-publish","hentry"],"yoast_head":"<!-- This site is optimized with the Yoast SEO plugin v23.2 - https:\/\/yoast.com\/wordpress\/plugins\/seo\/ -->\n<title>WOTSPOT\u00ae - Informationsaustausch auf Messen<\/title>\n<meta name=\"description\" content=\"WOTSPOT\u00ae f\u00fcr Messen - ein vom lokalen Internet unabh\u00e4ngiges WLAN-System, mit dem Daten aller Art einfach, schnell und sicher ausgetauscht werden k\u00f6nnen.\" \/>\n<meta name=\"robots\" content=\"index, follow, max-snippet:-1, max-image-preview:large, max-video-preview:-1\" \/>\n<link rel=\"canonical\" href=\"https:\/\/gepa-mbh.de\/en\/wotspot\/messe-informationsaustausch\/\" \/>\n<meta property=\"og:locale\" content=\"en_US\" \/>\n<meta property=\"og:type\" content=\"article\" \/>\n<meta property=\"og:title\" content=\"WOTSPOT\u00ae - Informationsaustausch auf Messen\" \/>\n<meta property=\"og:description\" content=\"WOTSPOT\u00ae f\u00fcr Messen - ein vom lokalen Internet unabh\u00e4ngiges WLAN-System, mit dem Daten aller Art einfach, schnell und sicher ausgetauscht werden k\u00f6nnen.\" \/>\n<meta property=\"og:url\" content=\"https:\/\/gepa-mbh.de\/en\/wotspot\/messe-informationsaustausch\/\" \/>\n<meta property=\"og:site_name\" content=\"GEPA mbH\" \/>\n<meta property=\"article:modified_time\" content=\"2017-05-19T08:25:23+00:00\" \/>\n<meta property=\"og:image\" content=\"http:\/\/gepa-mbh.de\/wp-content\/uploads\/2013\/06\/kl_WOTSPOT_Kommunikation.jpg\" \/>\n<meta name=\"twitter:label1\" content=\"Est. reading time\" \/>\n\t<meta name=\"twitter:data1\" content=\"4 minutes\" \/>\n<script type=\"application\/ld+json\" class=\"yoast-schema-graph\">{\"@context\":\"https:\/\/schema.org\",\"@graph\":[{\"@type\":\"WebPage\",\"@id\":\"https:\/\/gepa-mbh.de\/en\/wotspot\/messe-informationsaustausch\/\",\"url\":\"https:\/\/gepa-mbh.de\/en\/wotspot\/messe-informationsaustausch\/\",\"name\":\"WOTSPOT\u00ae - Informationsaustausch auf Messen\",\"isPartOf\":{\"@id\":\"https:\/\/gepa-mbh.de\/#website\"},\"primaryImageOfPage\":{\"@id\":\"https:\/\/gepa-mbh.de\/en\/wotspot\/messe-informationsaustausch\/#primaryimage\"},\"image\":{\"@id\":\"https:\/\/gepa-mbh.de\/en\/wotspot\/messe-informationsaustausch\/#primaryimage\"},\"thumbnailUrl\":\"http:\/\/gepa-mbh.de\/wp-content\/uploads\/2013\/06\/kl_WOTSPOT_Kommunikation.jpg\",\"datePublished\":\"2013-06-24T19:50:51+00:00\",\"dateModified\":\"2017-05-19T08:25:23+00:00\",\"description\":\"WOTSPOT\u00ae f\u00fcr Messen - ein vom lokalen Internet unabh\u00e4ngiges WLAN-System, mit dem Daten aller Art einfach, schnell und sicher ausgetauscht werden k\u00f6nnen.\",\"breadcrumb\":{\"@id\":\"https:\/\/gepa-mbh.de\/en\/wotspot\/messe-informationsaustausch\/#breadcrumb\"},\"inLanguage\":\"en-US\",\"potentialAction\":[{\"@type\":\"ReadAction\",\"target\":[\"https:\/\/gepa-mbh.de\/en\/wotspot\/messe-informationsaustausch\/\"]}]},{\"@type\":\"ImageObject\",\"inLanguage\":\"en-US\",\"@id\":\"https:\/\/gepa-mbh.de\/en\/wotspot\/messe-informationsaustausch\/#primaryimage\",\"url\":\"http:\/\/gepa-mbh.de\/wp-content\/uploads\/2013\/06\/kl_WOTSPOT_Kommunikation.jpg\",\"contentUrl\":\"http:\/\/gepa-mbh.de\/wp-content\/uploads\/2013\/06\/kl_WOTSPOT_Kommunikation.jpg\"},{\"@type\":\"BreadcrumbList\",\"@id\":\"https:\/\/gepa-mbh.de\/en\/wotspot\/messe-informationsaustausch\/#breadcrumb\",\"itemListElement\":[{\"@type\":\"ListItem\",\"position\":1,\"name\":\"WOTSPOT\u00ae\",\"item\":\"https:\/\/gepa-mbh.de\/en\/wotspot\/\"},{\"@type\":\"ListItem\",\"position\":2,\"name\":\"Exhibition &#8211; Museum &#8211; Fair\"}]},{\"@type\":\"WebSite\",\"@id\":\"https:\/\/gepa-mbh.de\/#website\",\"url\":\"https:\/\/gepa-mbh.de\/\",\"name\":\"GEPA mbH\",\"description\":\"GEPA M\u00fcnchen\",\"potentialAction\":[{\"@type\":\"SearchAction\",\"target\":{\"@type\":\"EntryPoint\",\"urlTemplate\":\"https:\/\/gepa-mbh.de\/?s={search_term_string}\"},\"query-input\":\"required name=search_term_string\"}],\"inLanguage\":\"en-US\"}]}<\/script>\n<!-- \/ Yoast SEO plugin. -->","yoast_head_json":{"title":"WOTSPOT\u00ae - Informationsaustausch auf Messen","description":"WOTSPOT\u00ae f\u00fcr Messen - ein vom lokalen Internet unabh\u00e4ngiges WLAN-System, mit dem Daten aller Art einfach, schnell und sicher ausgetauscht werden k\u00f6nnen.","robots":{"index":"index","follow":"follow","max-snippet":"max-snippet:-1","max-image-preview":"max-image-preview:large","max-video-preview":"max-video-preview:-1"},"canonical":"https:\/\/gepa-mbh.de\/en\/wotspot\/messe-informationsaustausch\/","og_locale":"en_US","og_type":"article","og_title":"WOTSPOT\u00ae - Informationsaustausch auf Messen","og_description":"WOTSPOT\u00ae f\u00fcr Messen - ein vom lokalen Internet unabh\u00e4ngiges WLAN-System, mit dem Daten aller Art einfach, schnell und sicher ausgetauscht werden k\u00f6nnen.","og_url":"https:\/\/gepa-mbh.de\/en\/wotspot\/messe-informationsaustausch\/","og_site_name":"GEPA mbH","article_modified_time":"2017-05-19T08:25:23+00:00","og_image":[{"url":"http:\/\/gepa-mbh.de\/wp-content\/uploads\/2013\/06\/kl_WOTSPOT_Kommunikation.jpg"}],"twitter_misc":{"Est. reading time":"4 minutes"},"schema":{"@context":"https:\/\/schema.org","@graph":[{"@type":"WebPage","@id":"https:\/\/gepa-mbh.de\/en\/wotspot\/messe-informationsaustausch\/","url":"https:\/\/gepa-mbh.de\/en\/wotspot\/messe-informationsaustausch\/","name":"WOTSPOT\u00ae - Informationsaustausch auf Messen","isPartOf":{"@id":"https:\/\/gepa-mbh.de\/#website"},"primaryImageOfPage":{"@id":"https:\/\/gepa-mbh.de\/en\/wotspot\/messe-informationsaustausch\/#primaryimage"},"image":{"@id":"https:\/\/gepa-mbh.de\/en\/wotspot\/messe-informationsaustausch\/#primaryimage"},"thumbnailUrl":"http:\/\/gepa-mbh.de\/wp-content\/uploads\/2013\/06\/kl_WOTSPOT_Kommunikation.jpg","datePublished":"2013-06-24T19:50:51+00:00","dateModified":"2017-05-19T08:25:23+00:00","description":"WOTSPOT\u00ae f\u00fcr Messen - ein vom lokalen Internet unabh\u00e4ngiges WLAN-System, mit dem Daten aller Art einfach, schnell und sicher ausgetauscht werden k\u00f6nnen.","breadcrumb":{"@id":"https:\/\/gepa-mbh.de\/en\/wotspot\/messe-informationsaustausch\/#breadcrumb"},"inLanguage":"en-US","potentialAction":[{"@type":"ReadAction","target":["https:\/\/gepa-mbh.de\/en\/wotspot\/messe-informationsaustausch\/"]}]},{"@type":"ImageObject","inLanguage":"en-US","@id":"https:\/\/gepa-mbh.de\/en\/wotspot\/messe-informationsaustausch\/#primaryimage","url":"http:\/\/gepa-mbh.de\/wp-content\/uploads\/2013\/06\/kl_WOTSPOT_Kommunikation.jpg","contentUrl":"http:\/\/gepa-mbh.de\/wp-content\/uploads\/2013\/06\/kl_WOTSPOT_Kommunikation.jpg"},{"@type":"BreadcrumbList","@id":"https:\/\/gepa-mbh.de\/en\/wotspot\/messe-informationsaustausch\/#breadcrumb","itemListElement":[{"@type":"ListItem","position":1,"name":"WOTSPOT\u00ae","item":"https:\/\/gepa-mbh.de\/en\/wotspot\/"},{"@type":"ListItem","position":2,"name":"Exhibition &#8211; Museum &#8211; Fair"}]},{"@type":"WebSite","@id":"https:\/\/gepa-mbh.de\/#website","url":"https:\/\/gepa-mbh.de\/","name":"GEPA mbH","description":"GEPA M\u00fcnchen","potentialAction":[{"@type":"SearchAction","target":{"@type":"EntryPoint","urlTemplate":"https:\/\/gepa-mbh.de\/?s={search_term_string}"},"query-input":"required name=search_term_string"}],"inLanguage":"en-US"}]}},"_links":{"self":[{"href":"https:\/\/gepa-mbh.de\/en\/wp-json\/wp\/v2\/pages\/2205"}],"collection":[{"href":"https:\/\/gepa-mbh.de\/en\/wp-json\/wp\/v2\/pages"}],"about":[{"href":"https:\/\/gepa-mbh.de\/en\/wp-json\/wp\/v2\/types\/page"}],"author":[{"embeddable":true,"href":"https:\/\/gepa-mbh.de\/en\/wp-json\/wp\/v2\/users\/1"}],"replies":[{"embeddable":true,"href":"https:\/\/gepa-mbh.de\/en\/wp-json\/wp\/v2\/comments?post=2205"}],"version-history":[{"count":10,"href":"https:\/\/gepa-mbh.de\/en\/wp-json\/wp\/v2\/pages\/2205\/revisions"}],"predecessor-version":[{"id":4339,"href":"https:\/\/gepa-mbh.de\/en\/wp-json\/wp\/v2\/pages\/2205\/revisions\/4339"}],"up":[{"embeddable":true,"href":"https:\/\/gepa-mbh.de\/en\/wp-json\/wp\/v2\/pages\/2203"}],"wp:attachment":[{"href":"https:\/\/gepa-mbh.de\/en\/wp-json\/wp\/v2\/media?parent=2205"}],"curies":[{"name":"wp","href":"https:\/\/api.w.org\/{rel}","templated":true}]}}